{"id":42,"date":"2024-09-11T16:48:05","date_gmt":"2024-09-11T16:48:05","guid":{"rendered":"https:\/\/toolkit.866ourvote.org\/es\/?page_id=42"},"modified":"2024-10-25T20:27:22","modified_gmt":"2024-10-25T20:27:22","slug":"home","status":"publish","type":"page","link":"http:\/\/toolkit.866ourvote.org\/es\/","title":{"rendered":"Home"},"content":{"rendered":"<p>Encuentra los recursos para movilizar, educar y proteger a los votantes de tus comunidades para la Elecci\u00f3n General del 5 de noviembre de 2024.<\/p>\n<p><b>No olvides visitar esta p\u00e1gina con frecuencia porque estaremos agregando material nuevo hasta el D\u00eda de las Elecciones.<\/b><\/p>\n<div class=\"bd_content_small\">\n<p><em>Find resources to mobilize, educate, and protect voters in your communities for the General Election on November 5th, 2024. Be sure to check this page regularly, as we\u2019ll be adding new materials from now until Election Day.<\/em><\/p>\n<\/div>\n","protected":false},"excerpt":{"rendered":"<p>Encuentra los recursos para movilizar, educar y proteger a los votantes de tus comunidades para la Elecci\u00f3n General del 5 de noviembre de 2024. No olvides visitar esta p\u00e1gina con frecuencia porque estaremos agregando material nuevo hasta el D\u00eda de las Elecciones. Find resources to mobilize, educate, and protect voters in your communities for the [&hellip;]<\/p>\n","protected":false},"author":1,"featured_media":0,"parent":0,"menu_order":0,"comment_status":"closed","ping_status":"closed","template":"t-home.php","meta":{"_acf_changed":false,"footnotes":""},"class_list":["post-42","page","type-page","status-publish","hentry"],"acf":[],"_links":{"self":[{"href":"http:\/\/toolkit.866ourvote.org\/es\/wp-json\/wp\/v2\/pages\/42","targetHints":{"allow":["GET"]}}],"collection":[{"href":"http:\/\/toolkit.866ourvote.org\/es\/wp-json\/wp\/v2\/pages"}],"about":[{"href":"http:\/\/toolkit.866ourvote.org\/es\/wp-json\/wp\/v2\/types\/page"}],"author":[{"embeddable":true,"href":"http:\/\/toolkit.866ourvote.org\/es\/wp-json\/wp\/v2\/users\/1"}],"replies":[{"embeddable":true,"href":"http:\/\/toolkit.866ourvote.org\/es\/wp-json\/wp\/v2\/comments?post=42"}],"version-history":[{"count":0,"href":"http:\/\/toolkit.866ourvote.org\/es\/wp-json\/wp\/v2\/pages\/42\/revisions"}],"wp:attachment":[{"href":"http:\/\/toolkit.866ourvote.org\/es\/wp-json\/wp\/v2\/media?parent=42"}],"curies":[{"name":"wp","href":"https:\/\/api.w.org\/{rel}","templated":true}]}}